{"id":2016,"date":"2018-06-09T22:08:28","date_gmt":"2018-06-09T20:08:28","guid":{"rendered":"https:\/\/edition-lumiere.de\/wordpress\/?page_id=2016"},"modified":"2024-04-25T07:56:41","modified_gmt":"2024-04-25T05:56:41","slug":"kuenstler","status":"publish","type":"page","link":"https:\/\/edition-lumiere.de\/en\/kuenstler\/","title":{"rendered":"The Artist"},"content":{"rendered":"<section class=\"light-wrapper normal-padding vc_row wpb_row vc_row-fluid light-wrapper normal-padding\"><div class=\"container\"><div class=\"row\"><div class=\"wpb_column vc_column_container col-md-12\"><div class=\"vc_column-inner\"><div class=\"wpb_wrapper\"><\/div><\/div><\/div><\/div><\/div><\/section><section class=\"light-wrapper normal-padding vc_row wpb_row vc_row-fluid light-wrapper normal-padding\"><div class=\"container\"><div class=\"row\"><div class=\"wpb_column vc_column_container col-md-12\"><div class=\"vc_column-inner\"><div class=\"wpb_wrapper\"><div class=\"vc_empty_space\"   style=\"height: 32px\" ><span class=\"vc_empty_space_inner\"><\/span><\/div>\n<div class=\"vc_row wpb_row vc_inner vc_row-fluid vc_custom_1528574823970\"><div class=\"wpb_column vc_column_container col-md-4\"><div class=\"vc_column-inner\"><div class=\"wpb_wrapper\">\n\t<div  class=\"wpb_single_image wpb_content_element vc_align_left\">\n\t\t\n\t\t<figure class=\"wpb_wrapper vc_figure\">\n\t\t\t<div class=\"vc_single_image-wrapper   vc_box_border_grey\"><img width=\"675\" height=\"900\" src=\"https:\/\/edition-lumiere.de\/wp-content\/uploads\/2024\/04\/Foto-Lutz-Muenzfeld.jpg\" class=\"vc_single_image-img attachment-full\" alt=\"\" loading=\"lazy\" srcset=\"https:\/\/edition-lumiere.de\/wp-content\/uploads\/2024\/04\/Foto-Lutz-Muenzfeld.jpg 675w, https:\/\/edition-lumiere.de\/wp-content\/uploads\/2024\/04\/Foto-Lutz-Muenzfeld-600x800.jpg 600w, https:\/\/edition-lumiere.de\/wp-content\/uploads\/2024\/04\/Foto-Lutz-Muenzfeld-225x300.jpg 225w, https:\/\/edition-lumiere.de\/wp-content\/uploads\/2024\/04\/Foto-Lutz-Muenzfeld-9x12.jpg 9w\" sizes=\"(max-width: 675px) 100vw, 675px\" \/><\/div>\n\t\t<\/figure>\n\t<\/div>\n<\/div><\/div><\/div><div class=\"wpb_column vc_column_container col-md-8\"><div class=\"vc_column-inner\"><div class=\"wpb_wrapper\"><h3 style=\"text-align: left\" class=\"vc_custom_heading\" >Lutz M\u00fcnzfeld<\/h3>\n\t<div class=\"wpb_text_column wpb_content_element\" >\n\t\t<div class=\"wpb_wrapper\">\n\t\t\t<p class=\"p1\"><strong>\u201eThe exhibition of original works on canvas by Lutz M\u00fcnzfeld achieves to bring one of the most renowned Neo-Impressionists of the present to Pulheim.<\/strong><\/p>\n<p>Lutz M\u00fcnzfeld is known like for expressing Light and Atmosphere on to the canvas. His art is a continuation of Claude Monets landscape painting and, upon close study, only consistent. He perfections Impressionism, which captures a merely fleeting moment, partly in photographic realism.\u201c<\/p>\n\n\t\t<\/div>\n\t<\/div>\n<h6 style=\"text-align: left\" class=\"vc_custom_heading vc_custom_1528574813030\" >Thomas Wehr \u2013 www.galerie-wehr.de <\/h6><\/div><\/div><\/div><\/div><\/div><\/div><\/div><\/div><\/div><\/section><section class=\"image-bg overlay parallax  light-wrapper normal-padding vc_row wpb_row vc_row-fluid light-wrapper normal-padding vc_custom_1528574837521\">\n\t\t\t<div class=\"background-image-holder\">\n\t\t\t    <img alt=\"Background\" class=\"background-image\" src=\"https:\/\/edition-lumiere.de\/wp-content\/uploads\/2018\/03\/LM-3154_Junger-Lavendel_40x50_KD.jpg?id=1869\" \/>\n\t\t\t<\/div>\n\t\t<div class=\"container\"><div class=\"row\"><div class=\"wpb_column vc_column_container col-md-12\"><div class=\"vc_column-inner\"><div class=\"wpb_wrapper\"><div class=\"vc_empty_space\"   style=\"height: 80px\" ><span class=\"vc_empty_space_inner\"><\/span><\/div>\n<\/div><\/div><\/div><\/div><\/div><\/section><section class=\"light-wrapper normal-padding vc_row wpb_row vc_row-fluid light-wrapper normal-padding vc_custom_1528574669037\"><div class=\"container\"><div class=\"row\"><div class=\"wpb_column vc_column_container col-md-12\"><div class=\"vc_column-inner\"><div class=\"wpb_wrapper\"><div class=\"vc_empty_space\"   style=\"height: 32px\" ><span class=\"vc_empty_space_inner\"><\/span><\/div>\n<h4 style=\"text-align: center\" class=\"vc_custom_heading\" >Biography<\/h4><div class=\"vc_empty_space\"   style=\"height: 25px\" ><span class=\"vc_empty_space_inner\"><\/span><\/div>\n\n\t<div class=\"wpb_text_column wpb_content_element  vc_custom_1528574793485\" >\n\t\t<div class=\"wpb_wrapper\">\n\t\t\t<p style=\"text-align: center;\"><b>1947<\/b><br \/>\nBorn in Remscheid, Germany<\/p>\n<p style=\"text-align: center;\"><b>1968<\/b><br \/>\nFine art training<br \/>\nLearning old techniques<br \/>\nEncounters with local painters<\/p>\n<p style=\"text-align: center;\"><b>1970<\/b><br \/>\nArtist and teacher studies<\/p>\n<p style=\"text-align: center;\"><b>1981<\/b><br \/>\nIn-depth devotion to impressionist landscape studies<\/p>\n<p style=\"text-align: center;\"><b>1982<\/b><br \/>\nLandscape paintings while traveling abroad<\/p>\n<p style=\"text-align: center;\"><b>1985 \u2013\u00a02001<\/b><br \/>\nSuccessful national and international exhibitions<br \/>\nFocus on the topic of light<\/p>\n<p style=\"text-align: center;\">In 2004, Lutz M\u00fcnzfeld passed away after a long illness in Cologne.<\/p>\n\n\t\t<\/div>\n\t<\/div>\n<\/div><\/div><\/div><\/div><\/div><\/section><section class=\"image-bg overlay parallax  light-wrapper normal-padding vc_row wpb_row vc_row-fluid light-wrapper normal-padding vc_custom_1528574687078\">\n\t\t\t<div class=\"background-image-holder\">\n\t\t\t    <img alt=\"Background\" class=\"background-image\" src=\"https:\/\/edition-lumiere.de\/wp-content\/uploads\/2018\/03\/LM-3067_In-der-Provence_80x60_KD.jpg?id=1864\" \/>\n\t\t\t<\/div>\n\t\t<div class=\"container\"><div class=\"row\"><div class=\"wpb_column vc_column_container col-md-12\"><div class=\"vc_column-inner\"><div class=\"wpb_wrapper\"><div class=\"vc_empty_space\"   style=\"height: 80px\" ><span class=\"vc_empty_space_inner\"><\/span><\/div>\n<\/div><\/div><\/div><\/div><\/div><\/section><section class=\"light-wrapper normal-padding vc_row wpb_row vc_row-fluid light-wrapper normal-padding\"><div class=\"container\"><div class=\"row\"><div class=\"wpb_column vc_column_container col-md-12\"><div class=\"vc_column-inner\"><div class=\"wpb_wrapper\"><div class=\"vc_empty_space\"   style=\"height: 50px\" ><span class=\"vc_empty_space_inner\"><\/span><\/div>\n<div class=\"vc_row wpb_row vc_inner vc_row-fluid\"><div class=\"wpb_column vc_column_container col-md-4\"><div class=\"vc_column-inner\"><div class=\"wpb_wrapper\">\n\t<div  class=\"wpb_single_image wpb_content_element vc_align_left\">\n\t\t\n\t\t<figure class=\"wpb_wrapper vc_figure\">\n\t\t\t<div class=\"vc_single_image-wrapper   vc_box_border_grey\"><img width=\"731\" height=\"900\" src=\"https:\/\/edition-lumiere.de\/wp-content\/uploads\/2018\/03\/LM-3068_Sommerbach_60x80_KD.jpg\" class=\"vc_single_image-img attachment-full\" alt=\"\" loading=\"lazy\" srcset=\"https:\/\/edition-lumiere.de\/wp-content\/uploads\/2018\/03\/LM-3068_Sommerbach_60x80_KD.jpg 731w, https:\/\/edition-lumiere.de\/wp-content\/uploads\/2018\/03\/LM-3068_Sommerbach_60x80_KD-600x739.jpg 600w, https:\/\/edition-lumiere.de\/wp-content\/uploads\/2018\/03\/LM-3068_Sommerbach_60x80_KD-244x300.jpg 244w\" sizes=\"(max-width: 731px) 100vw, 731px\" \/><\/div>\n\t\t<\/figure>\n\t<\/div>\n<\/div><\/div><\/div><div class=\"wpb_column vc_column_container col-md-8\"><div class=\"vc_column-inner\"><div class=\"wpb_wrapper\"><h4 style=\"text-align: left\" class=\"vc_custom_heading\" >About his work<\/h4><div class=\"vc_empty_space\"   style=\"height: 25px\" ><span class=\"vc_empty_space_inner\"><\/span><\/div>\n\n\t<div class=\"wpb_text_column wpb_content_element\" >\n\t\t<div class=\"wpb_wrapper\">\n\t\t\t<p style=\"text-align: left;\">Lutz M\u00fcnzfeld is primarily concerned with the presentation of light. Motifs and themes arise from fleeting impressions at varying hours of the day and seasons, sometimes at the same locations. This way, he associates with the school of Impressionism. Furthermore, only lightfast colors were used. In search of the necessary color values, he was inspired by Tibetan Buddhism. There, the primary colors (red, green, yellow, blue, and white = fire, water, soil, air, space) lend themselves to a natural portraiture of light and shadow.<\/p>\n<p>Aside from the spatial component (far landscapes) and the markedly concrete view (windows\/doors), he takes into consideration the aspect of daytime. This way, M\u00fcnzfeld reaches a complex space-time approach towards landscape and object in flux under the sunlight. For him, creating an image is becoming a process of spiritual creation.<\/p>\n\n\t\t<\/div>\n\t<\/div>\n<\/div><\/div><\/div><\/div><\/div><\/div><\/div><\/div><\/div><\/section>","protected":false},"excerpt":{"rendered":"Lutz M\u00fcnzfeld \"Mit der Ausstellung von Original-\u00d6lgem\u00e4lden des Kunstmalers Lutz M\u00fcnzfeld ist es der Galerie K. Wehr gelungen, einen der bekanntesten...","protected":false},"author":1,"featured_media":0,"parent":0,"menu_order":0,"comment_status":"closed","ping_status":"closed","template":"","meta":[],"_links":{"self":[{"href":"https:\/\/edition-lumiere.de\/en\/wp-json\/wp\/v2\/pages\/2016"}],"collection":[{"href":"https:\/\/edition-lumiere.de\/en\/wp-json\/wp\/v2\/pages"}],"about":[{"href":"https:\/\/edition-lumiere.de\/en\/wp-json\/wp\/v2\/types\/page"}],"author":[{"embeddable":true,"href":"https:\/\/edition-lumiere.de\/en\/wp-json\/wp\/v2\/users\/1"}],"replies":[{"embeddable":true,"href":"https:\/\/edition-lumiere.de\/en\/wp-json\/wp\/v2\/comments?post=2016"}],"version-history":[{"count":28,"href":"https:\/\/edition-lumiere.de\/en\/wp-json\/wp\/v2\/pages\/2016\/revisions"}],"predecessor-version":[{"id":2166,"href":"https:\/\/edition-lumiere.de\/en\/wp-json\/wp\/v2\/pages\/2016\/revisions\/2166"}],"wp:attachment":[{"href":"https:\/\/edition-lumiere.de\/en\/wp-json\/wp\/v2\/media?parent=2016"}],"curies":[{"name":"wp","href":"https:\/\/api.w.org\/{rel}","templated":true}]}}