{"id":1954,"date":"2018-03-14T01:36:32","date_gmt":"2018-03-14T00:36:32","guid":{"rendered":"http:\/\/edition-lumiere.de\/wordpress\/?page_id=1954"},"modified":"2021-10-26T09:51:33","modified_gmt":"2021-10-26T07:51:33","slug":"edition-lumiere","status":"publish","type":"page","link":"https:\/\/edition-lumiere.de\/en\/edition-lumiere\/","title":{"rendered":"Edition Lumi\u00e8re"},"content":{"rendered":"<div class=\"row light-wrapper  light-wrapper normal-padding  light-wrapper normal-padding\"><div class=\"wpb_column vc_column_container col-md-12\"><div class=\"vc_column-inner\"><div class=\"wpb_wrapper\"><section class=\"cover  image-slider slider-all-controls controls-inside parallax\" style=\"height: 650px;\"><ul class=\"slides\"><li class=\"overlay image-bg\" style=\"height: 650px;\"><div class=\"background-image-holder\"><img width=\"1920\" height=\"1200\" src=\"https:\/\/edition-lumiere.de\/wp-content\/uploads\/2018\/03\/Edition_Lumiere_Header_01.jpg\" class=\"background-image\" alt=\"\" loading=\"lazy\" srcset=\"https:\/\/edition-lumiere.de\/wp-content\/uploads\/2018\/03\/Edition_Lumiere_Header_01.jpg 1920w, https:\/\/edition-lumiere.de\/wp-content\/uploads\/2018\/03\/Edition_Lumiere_Header_01-600x375.jpg 600w, https:\/\/edition-lumiere.de\/wp-content\/uploads\/2018\/03\/Edition_Lumiere_Header_01-300x188.jpg 300w, https:\/\/edition-lumiere.de\/wp-content\/uploads\/2018\/03\/Edition_Lumiere_Header_01-768x480.jpg 768w, https:\/\/edition-lumiere.de\/wp-content\/uploads\/2018\/03\/Edition_Lumiere_Header_01-1024x640.jpg 1024w\" sizes=\"(max-width: 1920px) 100vw, 1920px\" \/><\/div>\t\n\t\t    <div class=\"container v-align-transform\">\n\t\t        <div class=\"row\">\n\t\t            <div class=\"col-md-12 col-sm-12\">\n\t\t                <\/p>\n<h2 class=\"mb40 uppercase\" style=\"text-align: center;\">EDITION LUMI\u00c8RE<\/h2>\n<p>\n\n\t\t            <\/div>\n\t\t        <\/div>\n\t\t    <\/div>\n\t\t<\/li><li class=\"overlay image-bg\" style=\"height: 650px;\"><div class=\"background-image-holder\"><img width=\"1920\" height=\"1200\" src=\"https:\/\/edition-lumiere.de\/wp-content\/uploads\/2018\/03\/Edition_Lumiere_Header_03.jpg\" class=\"background-image\" alt=\"\" loading=\"lazy\" srcset=\"https:\/\/edition-lumiere.de\/wp-content\/uploads\/2018\/03\/Edition_Lumiere_Header_03.jpg 1920w, https:\/\/edition-lumiere.de\/wp-content\/uploads\/2018\/03\/Edition_Lumiere_Header_03-600x375.jpg 600w, https:\/\/edition-lumiere.de\/wp-content\/uploads\/2018\/03\/Edition_Lumiere_Header_03-300x188.jpg 300w, https:\/\/edition-lumiere.de\/wp-content\/uploads\/2018\/03\/Edition_Lumiere_Header_03-768x480.jpg 768w, https:\/\/edition-lumiere.de\/wp-content\/uploads\/2018\/03\/Edition_Lumiere_Header_03-1024x640.jpg 1024w\" sizes=\"(max-width: 1920px) 100vw, 1920px\" \/><\/div>\t\n\t\t    <div class=\"container v-align-transform\">\n\t\t        <div class=\"row\">\n\t\t            <div class=\"col-md-12 col-sm-12\">\n\t\t                <\/p>\n<h2 class=\"mb40 uppercase\" style=\"text-align: center;\">EDITION LUMI\u00c8RE<\/h2>\n<p>\n\n\t\t            <\/div>\n\t\t        <\/div>\n\t\t    <\/div>\n\t\t<\/li><li class=\"overlay image-bg\" style=\"height: 650px;\"><div class=\"background-image-holder\"><img width=\"1920\" height=\"1200\" src=\"https:\/\/edition-lumiere.de\/wp-content\/uploads\/2018\/03\/Edition_Lumiere_Header_05.jpg\" class=\"background-image\" alt=\"\" loading=\"lazy\" srcset=\"https:\/\/edition-lumiere.de\/wp-content\/uploads\/2018\/03\/Edition_Lumiere_Header_05.jpg 1920w, https:\/\/edition-lumiere.de\/wp-content\/uploads\/2018\/03\/Edition_Lumiere_Header_05-600x375.jpg 600w, https:\/\/edition-lumiere.de\/wp-content\/uploads\/2018\/03\/Edition_Lumiere_Header_05-300x188.jpg 300w, https:\/\/edition-lumiere.de\/wp-content\/uploads\/2018\/03\/Edition_Lumiere_Header_05-768x480.jpg 768w, https:\/\/edition-lumiere.de\/wp-content\/uploads\/2018\/03\/Edition_Lumiere_Header_05-1024x640.jpg 1024w\" sizes=\"(max-width: 1920px) 100vw, 1920px\" \/><\/div>\t\n\t\t    <div class=\"container v-align-transform\">\n\t\t        <div class=\"row\">\n\t\t            <div class=\"col-md-12 col-sm-12\">\n\t\t                <\/p>\n<h2 class=\"mb40 uppercase\" style=\"text-align: center;\">EDITION LUMI\u00c8RE<\/h2>\n<p>\n\n\t\t            <\/div>\n\t\t        <\/div>\n\t\t    <\/div>\n\t\t<\/li><li class=\"overlay image-bg\" style=\"height: 650px;\"><div class=\"background-image-holder\"><img width=\"1920\" height=\"1200\" src=\"https:\/\/edition-lumiere.de\/wp-content\/uploads\/2018\/03\/Edition_Lumiere_Header_02.jpg\" class=\"background-image\" alt=\"\" loading=\"lazy\" srcset=\"https:\/\/edition-lumiere.de\/wp-content\/uploads\/2018\/03\/Edition_Lumiere_Header_02.jpg 1920w, https:\/\/edition-lumiere.de\/wp-content\/uploads\/2018\/03\/Edition_Lumiere_Header_02-600x375.jpg 600w, https:\/\/edition-lumiere.de\/wp-content\/uploads\/2018\/03\/Edition_Lumiere_Header_02-300x188.jpg 300w, https:\/\/edition-lumiere.de\/wp-content\/uploads\/2018\/03\/Edition_Lumiere_Header_02-768x480.jpg 768w, https:\/\/edition-lumiere.de\/wp-content\/uploads\/2018\/03\/Edition_Lumiere_Header_02-1024x640.jpg 1024w\" sizes=\"(max-width: 1920px) 100vw, 1920px\" \/><\/div>\t\n\t\t    <div class=\"container v-align-transform\">\n\t\t        <div class=\"row\">\n\t\t            <div class=\"col-md-12 col-sm-12\">\n\t\t                <\/p>\n<h2 class=\"mb40 uppercase\" style=\"text-align: center;\">EDITION LUMI\u00c8RE<\/h2>\n<p>\n\n\t\t            <\/div>\n\t\t        <\/div>\n\t\t    <\/div>\n\t\t<\/li><li class=\"overlay image-bg\" style=\"height: 650px;\"><div class=\"background-image-holder\"><img width=\"1920\" height=\"1200\" src=\"https:\/\/edition-lumiere.de\/wp-content\/uploads\/2018\/03\/Edition_Lumiere_Header_04.jpg\" class=\"background-image\" alt=\"\" loading=\"lazy\" srcset=\"https:\/\/edition-lumiere.de\/wp-content\/uploads\/2018\/03\/Edition_Lumiere_Header_04.jpg 1920w, https:\/\/edition-lumiere.de\/wp-content\/uploads\/2018\/03\/Edition_Lumiere_Header_04-600x375.jpg 600w, https:\/\/edition-lumiere.de\/wp-content\/uploads\/2018\/03\/Edition_Lumiere_Header_04-300x188.jpg 300w, https:\/\/edition-lumiere.de\/wp-content\/uploads\/2018\/03\/Edition_Lumiere_Header_04-768x480.jpg 768w, https:\/\/edition-lumiere.de\/wp-content\/uploads\/2018\/03\/Edition_Lumiere_Header_04-1024x640.jpg 1024w\" sizes=\"(max-width: 1920px) 100vw, 1920px\" \/><\/div>\t\n\t\t    <div class=\"container v-align-transform\">\n\t\t        <div class=\"row\">\n\t\t            <div class=\"col-md-12 col-sm-12\">\n\t\t                <\/p>\n<h2 class=\"mb40 uppercase\" style=\"text-align: center;\">EDITION LUMI\u00c8RE<\/h2>\n<p>\n\n\t\t            <\/div>\n\t\t        <\/div>\n\t\t    <\/div>\n\t\t<\/li><\/ul><\/section><\/div><\/div><\/div><\/div><section class=\"light-wrapper pt64 pb64 vc_row wpb_row vc_row-fluid light-wrapper pt64 pb64\"><div class=\"container\"><div class=\"row\"><div class=\"wpb_column vc_column_container col-md-2\"><div class=\"vc_column-inner\"><div class=\"wpb_wrapper\"><\/div><\/div><\/div><div class=\"wpb_column vc_column_container col-md-8\"><div class=\"vc_column-inner\"><div class=\"wpb_wrapper\">\n\t<div class=\"wpb_text_column wpb_content_element\" >\n\t\t<div class=\"wpb_wrapper\">\n\t\t\t<h6 class=\"uppercase mb0\" style=\"text-align: center;\">Edition Lumi\u00e8re is a publishing house specialising in artwork and prints,<br \/>\nfounded by Regina M\u00fcnzfeld.<\/h6>\n<h6 class=\"uppercase mb0\" style=\"text-align: center;\">Edition Lumi\u00e8re is launching its publishing programme with an exclusive selection<br \/>\nof reproductions of oil paintings by Lutz M\u00fcnzfeld.<\/h6>\n\n\t\t<\/div>\n\t<\/div>\n\n\t<div class=\"wpb_text_column wpb_content_element\" >\n\t\t<div class=\"wpb_wrapper\">\n\t\t\t<p style=\"text-align: center;\">\u00a0For many years people all over Europe have been captivated by the magic of his landscapes and pictures of the countryside in Provence and Brittany. In our selection here you&#8217;ll be able to find some of his best known pieces of work, as well as some other paintings not previously published.<\/p>\n\n\t\t<\/div>\n\t<\/div>\n<\/div><\/div><\/div><div class=\"wpb_column vc_column_container col-md-2\"><div class=\"vc_column-inner\"><div class=\"wpb_wrapper\"><\/div><\/div><\/div><\/div><\/div><\/section><section class=\"light-wrapper pt0 pb0 vc_row wpb_row vc_row-fluid light-wrapper pt0 pb0\"><div class=\"container\"><div class=\"row\"><div class=\"wpb_column vc_column_container col-md-6\"><div class=\"vc_column-inner\"><div class=\"wpb_wrapper\">\n\t\t\t<div class=\"image-tile inner-title title-center text-center\">\n\t\t\t    <a href=\"https:\/\/edition-lumiere.de\/en\/shop\/\">\n\t\t\t         <img width=\"900\" height=\"671\" src=\"https:\/\/edition-lumiere.de\/wp-content\/uploads\/2018\/03\/LM-3067_In-der-Provence_80x60_KD.jpg\" class=\"attachment-full size-full\" alt=\"\" loading=\"lazy\" srcset=\"https:\/\/edition-lumiere.de\/wp-content\/uploads\/2018\/03\/LM-3067_In-der-Provence_80x60_KD.jpg 900w, https:\/\/edition-lumiere.de\/wp-content\/uploads\/2018\/03\/LM-3067_In-der-Provence_80x60_KD-600x447.jpg 600w, https:\/\/edition-lumiere.de\/wp-content\/uploads\/2018\/03\/LM-3067_In-der-Provence_80x60_KD-300x224.jpg 300w, https:\/\/edition-lumiere.de\/wp-content\/uploads\/2018\/03\/LM-3067_In-der-Provence_80x60_KD-768x573.jpg 768w\" sizes=\"(max-width: 900px) 100vw, 900px\" \/>\n\t\t\t        <div class=\"title\">\n\t\t\t        \t<h4 class=\"uppercase mb0\">Gallery<\/h4>\n\t\t\t        <\/div>\n\t\t\t    <\/a>\n\t\t\t<\/div>\n\t\t<\/div><\/div><\/div><div class=\"wpb_column vc_column_container col-md-6\"><div class=\"vc_column-inner\"><div class=\"wpb_wrapper\">\n\t\t\t<div class=\"image-tile inner-title title-center text-center\">\n\t\t\t    <a href=\"https:\/\/edition-lumiere.de\/en\/artist\/\">\n\t\t\t         \n\t\t\t        <div class=\"title\">\n\t\t\t        \t<h4 class=\"uppercase mb0\">Artist<\/h4>\n\t\t\t        <\/div>\n\t\t\t    <\/a>\n\t\t\t<\/div>\n\t\t<\/div><\/div><\/div><\/div><\/div><\/section>","protected":false},"excerpt":{"rendered":"EDITION LUMI\u00c8RE EDITION LUMI\u00c8RE EDITION LUMI\u00c8RE EDITION LUMI\u00c8RE EDITION LUMI\u00c8RE Edition Lumi\u00e8re is a publishing house specialising in artwork and prints,...","protected":false},"author":1,"featured_media":0,"parent":0,"menu_order":0,"comment_status":"closed","ping_status":"closed","template":"","meta":[],"_links":{"self":[{"href":"https:\/\/edition-lumiere.de\/en\/wp-json\/wp\/v2\/pages\/1954"}],"collection":[{"href":"https:\/\/edition-lumiere.de\/en\/wp-json\/wp\/v2\/pages"}],"about":[{"href":"https:\/\/edition-lumiere.de\/en\/wp-json\/wp\/v2\/types\/page"}],"author":[{"embeddable":true,"href":"https:\/\/edition-lumiere.de\/en\/wp-json\/wp\/v2\/users\/1"}],"replies":[{"embeddable":true,"href":"https:\/\/edition-lumiere.de\/en\/wp-json\/wp\/v2\/comments?post=1954"}],"version-history":[{"count":4,"href":"https:\/\/edition-lumiere.de\/en\/wp-json\/wp\/v2\/pages\/1954\/revisions"}],"predecessor-version":[{"id":2118,"href":"https:\/\/edition-lumiere.de\/en\/wp-json\/wp\/v2\/pages\/1954\/revisions\/2118"}],"wp:attachment":[{"href":"https:\/\/edition-lumiere.de\/en\/wp-json\/wp\/v2\/media?parent=1954"}],"curies":[{"name":"wp","href":"https:\/\/api.w.org\/{rel}","templated":true}]}}