{"id":1605,"date":"2017-04-23T22:46:47","date_gmt":"2017-04-23T20:46:47","guid":{"rendered":"http:\/\/localhost:8888\/edition-lumiere\/impressum\/"},"modified":"2018-10-02T20:42:06","modified_gmt":"2018-10-02T18:42:06","slug":"impressum","status":"publish","type":"page","link":"https:\/\/edition-lumiere.de\/en\/impressum\/","title":{"rendered":"Imprint"},"content":{"rendered":"<section class=\"light-wrapper normal-padding vc_row wpb_row vc_row-fluid light-wrapper normal-padding\"><div class=\"container\"><div class=\"row\"><div class=\"wpb_column vc_column_container col-md-12\"><div class=\"vc_column-inner\"><div class=\"wpb_wrapper\">\n\t<div class=\"wpb_text_column wpb_content_element\" >\n\t\t<div class=\"wpb_wrapper\">\n\t\t\t<h4 class=\"p1\"><span class=\"s1\">According to \u00a7 5 TMG:<\/span><\/h4>\n<p><strong>Edition Lumi\u00e8re<\/strong><br \/>\n<strong>Verlag f\u00fcr Kunstdrucke<\/strong><br \/>\nRegina M\u00fcnzfeld<br \/>\nSulzaer Stra\u00dfe 9<br \/>\n14199 Berlin<\/p>\n<p>Tel. +49 30 88 71 77 44<br \/>\n<a href=\"mailto:info@edition-lumiere.de\">info@edition-lumiere.de<\/a><\/p>\n<p><b>Owner<\/b><br \/>\nRegina M\u00fcnzfeld<\/p>\n\n\t\t<\/div>\n\t<\/div>\n\n\t<div class=\"wpb_text_column wpb_content_element\" >\n\t\t<div class=\"wpb_wrapper\">\n\t\t\t<h4>Liability notice<\/h4>\n<p>Despite careful control of the content, we assume no liability for the content of external links. The operators of the linked pages are solely responsible for their content.<\/p>\n\n\t\t<\/div>\n\t<\/div>\n\n\t<div class=\"wpb_text_column wpb_content_element\" >\n\t\t<div class=\"wpb_wrapper\">\n\t\t\t<div class=\"woocommerce woocommerce-gzd woocommerce-gzd-complaints-shortcode\">\n\t\t\t<h3>Alternative Dispute Resolution in accordance with Art. 14 (1) ODR-VO and \u00a7 36 VSBG:<\/h3>\n\t\n<p>The European Commission provides a platform for online dispute resolution, which you can find at <a href=\"https:\/\/ec.europa.eu\/consumers\/odr\" target=\"_blank\">https:\/\/ec.europa.eu\/consumers\/odr<\/a> find. We are neither obliged nor willing to participate in a dispute settlement procedure before a consumer arbitration board.<\/p>\n<\/div>\n\n\t\t<\/div>\n\t<\/div>\n<\/div><\/div><\/div><\/div><\/div><\/section>","protected":false},"excerpt":{"rendered":"Angaben gem\u00e4\u00df \u00a75 TMG: Edition Lumi\u00e8re Verlag f\u00fcr Kunstdrucke Regina M\u00fcnzfeld Sulzaer Stra\u00dfe 9 14199 Berlin Tel. +49 30 88 71...","protected":false},"author":1,"featured_media":0,"parent":0,"menu_order":0,"comment_status":"closed","ping_status":"closed","template":"","meta":[],"_links":{"self":[{"href":"https:\/\/edition-lumiere.de\/en\/wp-json\/wp\/v2\/pages\/1605"}],"collection":[{"href":"https:\/\/edition-lumiere.de\/en\/wp-json\/wp\/v2\/pages"}],"about":[{"href":"https:\/\/edition-lumiere.de\/en\/wp-json\/wp\/v2\/types\/page"}],"author":[{"embeddable":true,"href":"https:\/\/edition-lumiere.de\/en\/wp-json\/wp\/v2\/users\/1"}],"replies":[{"embeddable":true,"href":"https:\/\/edition-lumiere.de\/en\/wp-json\/wp\/v2\/comments?post=1605"}],"version-history":[{"count":3,"href":"https:\/\/edition-lumiere.de\/en\/wp-json\/wp\/v2\/pages\/1605\/revisions"}],"predecessor-version":[{"id":2073,"href":"https:\/\/edition-lumiere.de\/en\/wp-json\/wp\/v2\/pages\/1605\/revisions\/2073"}],"wp:attachment":[{"href":"https:\/\/edition-lumiere.de\/en\/wp-json\/wp\/v2\/media?parent=1605"}],"curies":[{"name":"wp","href":"https:\/\/api.w.org\/{rel}","templated":true}]}}