{"id":1320,"date":"2015-10-29T11:14:40","date_gmt":"2015-10-29T11:14:40","guid":{"rendered":"http:\/\/foundry.tommusdemos.wpengine.com\/?page_id=1320"},"modified":"2024-04-25T07:59:25","modified_gmt":"2024-04-25T05:59:25","slug":"fashion","status":"publish","type":"page","link":"https:\/\/edition-lumiere.de\/en\/","title":{"rendered":"Edition Lumi\u00e8re"},"content":{"rendered":"<div class=\"row light-wrapper  light-wrapper normal-padding  light-wrapper normal-padding\"><div class=\"wpb_column vc_column_container col-md-12\"><div class=\"vc_column-inner\"><div class=\"wpb_wrapper\"><section class=\"cover  image-slider slider-all-controls controls-inside parallax\" style=\"height: 650px;\"><ul class=\"slides\"><li class=\"overlay image-bg\" style=\"height: 650px;\"><div class=\"background-image-holder\"><img width=\"1920\" height=\"1200\" src=\"https:\/\/edition-lumiere.de\/wp-content\/uploads\/2018\/03\/Edition_Lumiere_Header_01.jpg\" class=\"background-image\" alt=\"\" loading=\"lazy\" srcset=\"https:\/\/edition-lumiere.de\/wp-content\/uploads\/2018\/03\/Edition_Lumiere_Header_01.jpg 1920w, https:\/\/edition-lumiere.de\/wp-content\/uploads\/2018\/03\/Edition_Lumiere_Header_01-600x375.jpg 600w, https:\/\/edition-lumiere.de\/wp-content\/uploads\/2018\/03\/Edition_Lumiere_Header_01-300x188.jpg 300w, https:\/\/edition-lumiere.de\/wp-content\/uploads\/2018\/03\/Edition_Lumiere_Header_01-768x480.jpg 768w, https:\/\/edition-lumiere.de\/wp-content\/uploads\/2018\/03\/Edition_Lumiere_Header_01-1024x640.jpg 1024w\" sizes=\"(max-width: 1920px) 100vw, 1920px\" \/><\/div>\t\n\t\t    <div class=\"container v-align-transform\">\n\t\t        <div class=\"row\">\n\t\t            <div class=\"col-md-12 col-sm-12\">\n\t\t                <\/p>\n<h2 class=\"mb40 uppercase\" style=\"text-align: center;\">EDITION LUMI\u00c8RE<\/h2>\n<p style=\"text-align: center;\"><a class=\"btn btn-lg\" href=\"https:\/\/edition-lumiere.de\/en\/shop\/\">Go to shop<\/a><\/p>\n<p>\n\n\t\t            <\/div>\n\t\t        <\/div>\n\t\t    <\/div>\n\t\t<\/li><li class=\"overlay image-bg\" style=\"height: 650px;\"><div class=\"background-image-holder\"><img width=\"1920\" height=\"1200\" src=\"https:\/\/edition-lumiere.de\/wp-content\/uploads\/2018\/03\/Edition_Lumiere_Header_03.jpg\" class=\"background-image\" alt=\"\" loading=\"lazy\" srcset=\"https:\/\/edition-lumiere.de\/wp-content\/uploads\/2018\/03\/Edition_Lumiere_Header_03.jpg 1920w, https:\/\/edition-lumiere.de\/wp-content\/uploads\/2018\/03\/Edition_Lumiere_Header_03-600x375.jpg 600w, https:\/\/edition-lumiere.de\/wp-content\/uploads\/2018\/03\/Edition_Lumiere_Header_03-300x188.jpg 300w, https:\/\/edition-lumiere.de\/wp-content\/uploads\/2018\/03\/Edition_Lumiere_Header_03-768x480.jpg 768w, https:\/\/edition-lumiere.de\/wp-content\/uploads\/2018\/03\/Edition_Lumiere_Header_03-1024x640.jpg 1024w\" sizes=\"(max-width: 1920px) 100vw, 1920px\" \/><\/div>\t\n\t\t    <div class=\"container v-align-transform\">\n\t\t        <div class=\"row\">\n\t\t            <div class=\"col-md-12 col-sm-12\">\n\t\t                <\/p>\n<h2 class=\"mb40 uppercase\" style=\"text-align: center;\">EDITION LUMI\u00c8RE<\/h2>\n<p style=\"text-align: center;\"><a class=\"btn btn-lg\" href=\"https:\/\/edition-lumiere.de\/en\/shop\/\">Go to shop<\/a><\/p>\n<p>\n\n\t\t            <\/div>\n\t\t        <\/div>\n\t\t    <\/div>\n\t\t<\/li><li class=\"overlay image-bg\" style=\"height: 650px;\"><div class=\"background-image-holder\"><img width=\"1920\" height=\"1200\" src=\"https:\/\/edition-lumiere.de\/wp-content\/uploads\/2018\/03\/Edition_Lumiere_Header_05.jpg\" class=\"background-image\" alt=\"\" loading=\"lazy\" srcset=\"https:\/\/edition-lumiere.de\/wp-content\/uploads\/2018\/03\/Edition_Lumiere_Header_05.jpg 1920w, https:\/\/edition-lumiere.de\/wp-content\/uploads\/2018\/03\/Edition_Lumiere_Header_05-600x375.jpg 600w, https:\/\/edition-lumiere.de\/wp-content\/uploads\/2018\/03\/Edition_Lumiere_Header_05-300x188.jpg 300w, https:\/\/edition-lumiere.de\/wp-content\/uploads\/2018\/03\/Edition_Lumiere_Header_05-768x480.jpg 768w, https:\/\/edition-lumiere.de\/wp-content\/uploads\/2018\/03\/Edition_Lumiere_Header_05-1024x640.jpg 1024w\" sizes=\"(max-width: 1920px) 100vw, 1920px\" \/><\/div>\t\n\t\t    <div class=\"container v-align-transform\">\n\t\t        <div class=\"row\">\n\t\t            <div class=\"col-md-12 col-sm-12\">\n\t\t                <\/p>\n<h2 class=\"mb40 uppercase\" style=\"text-align: center;\">EDITION LUMI\u00c8RE<\/h2>\n<p style=\"text-align: center;\"><a class=\"btn btn-lg\" href=\"https:\/\/edition-lumiere.de\/en\/shop\/\">Go to shop<\/a><\/p>\n<p>\n\n\t\t            <\/div>\n\t\t        <\/div>\n\t\t    <\/div>\n\t\t<\/li><li class=\"overlay image-bg\" style=\"height: 650px;\"><div class=\"background-image-holder\"><img width=\"1920\" height=\"1200\" src=\"https:\/\/edition-lumiere.de\/wp-content\/uploads\/2018\/03\/Edition_Lumiere_Header_02.jpg\" class=\"background-image\" alt=\"\" loading=\"lazy\" srcset=\"https:\/\/edition-lumiere.de\/wp-content\/uploads\/2018\/03\/Edition_Lumiere_Header_02.jpg 1920w, https:\/\/edition-lumiere.de\/wp-content\/uploads\/2018\/03\/Edition_Lumiere_Header_02-600x375.jpg 600w, https:\/\/edition-lumiere.de\/wp-content\/uploads\/2018\/03\/Edition_Lumiere_Header_02-300x188.jpg 300w, https:\/\/edition-lumiere.de\/wp-content\/uploads\/2018\/03\/Edition_Lumiere_Header_02-768x480.jpg 768w, https:\/\/edition-lumiere.de\/wp-content\/uploads\/2018\/03\/Edition_Lumiere_Header_02-1024x640.jpg 1024w\" sizes=\"(max-width: 1920px) 100vw, 1920px\" \/><\/div>\t\n\t\t    <div class=\"container v-align-transform\">\n\t\t        <div class=\"row\">\n\t\t            <div class=\"col-md-12 col-sm-12\">\n\t\t                <\/p>\n<h2 class=\"mb40 uppercase\" style=\"text-align: center;\">EDITION LUMI\u00c8RE<\/h2>\n<p style=\"text-align: center;\"><a class=\"btn btn-lg\" href=\"https:\/\/edition-lumiere.de\/en\/shop\/\">Go to shop<\/a><\/p>\n<p>\n\n\t\t            <\/div>\n\t\t        <\/div>\n\t\t    <\/div>\n\t\t<\/li><li class=\"overlay image-bg\" style=\"height: 650px;\"><div class=\"background-image-holder\"><img width=\"1920\" height=\"1200\" src=\"https:\/\/edition-lumiere.de\/wp-content\/uploads\/2018\/03\/Edition_Lumiere_Header_04.jpg\" class=\"background-image\" alt=\"\" loading=\"lazy\" srcset=\"https:\/\/edition-lumiere.de\/wp-content\/uploads\/2018\/03\/Edition_Lumiere_Header_04.jpg 1920w, https:\/\/edition-lumiere.de\/wp-content\/uploads\/2018\/03\/Edition_Lumiere_Header_04-600x375.jpg 600w, https:\/\/edition-lumiere.de\/wp-content\/uploads\/2018\/03\/Edition_Lumiere_Header_04-300x188.jpg 300w, https:\/\/edition-lumiere.de\/wp-content\/uploads\/2018\/03\/Edition_Lumiere_Header_04-768x480.jpg 768w, https:\/\/edition-lumiere.de\/wp-content\/uploads\/2018\/03\/Edition_Lumiere_Header_04-1024x640.jpg 1024w\" sizes=\"(max-width: 1920px) 100vw, 1920px\" \/><\/div>\t\n\t\t    <div class=\"container v-align-transform\">\n\t\t        <div class=\"row\">\n\t\t            <div class=\"col-md-12 col-sm-12\">\n\t\t                <\/p>\n<h2 class=\"mb40 uppercase\" style=\"text-align: center;\">EDITION LUMI\u00c8RE<\/h2>\n<p style=\"text-align: center;\"><a class=\"btn btn-lg\" href=\"https:\/\/edition-lumiere.de\/en\/shop\/\">Go to shop<\/a><\/p>\n<p>\n\n\t\t            <\/div>\n\t\t        <\/div>\n\t\t    <\/div>\n\t\t<\/li><\/ul><\/section><\/div><\/div><\/div><\/div><section class=\"light-wrapper pt64 pb64 vc_row wpb_row vc_row-fluid light-wrapper pt64 pb64\"><div class=\"container\"><div class=\"row\"><div class=\"wpb_column vc_column_container col-md-2\"><div class=\"vc_column-inner\"><div class=\"wpb_wrapper\"><\/div><\/div><\/div><div class=\"wpb_column vc_column_container col-md-8\"><div class=\"vc_column-inner\"><div class=\"wpb_wrapper\">\n\t<div class=\"wpb_text_column wpb_content_element\" >\n\t\t<div class=\"wpb_wrapper\">\n\t\t\t<h6 class=\"uppercase mb0\" style=\"text-align: center;\">Edition Lumi\u00e8re - Publishing house for art and art prints<br \/>\nFounded by Regina M\u00fcnzfeld, our focus is on exclusive art prints from old oilpaintings of Lutz M\u00fcnzfeld.<\/h6>\n\n\t\t<\/div>\n\t<\/div>\n\n\t<div class=\"wpb_text_column wpb_content_element\" >\n\t\t<div class=\"wpb_wrapper\">\n\t\t\t<p style=\"text-align: center;\">For years his enchanting landscapes and themes from Provence and Brittany have delighted many people with their cheerful mood. You will find his well-known motifs here, as well as new, previously unpublished pictures.<\/p>\n\n\t\t<\/div>\n\t<\/div>\n<\/div><\/div><\/div><div class=\"wpb_column vc_column_container col-md-2\"><div class=\"vc_column-inner\"><div class=\"wpb_wrapper\"><\/div><\/div><\/div><\/div><\/div><\/section><section class=\"light-wrapper pt0 pb0 vc_row wpb_row vc_row-fluid light-wrapper pt0 pb0\"><div class=\"container\"><div class=\"row\"><div class=\"wpb_column vc_column_container col-md-6\"><div class=\"vc_column-inner\"><div class=\"wpb_wrapper\">\n\t\t\t<div class=\"image-tile inner-title title-center text-center\">\n\t\t\t    <a href=\"https:\/\/edition-lumiere.de\/en\/shop\/\">\n\t\t\t         <img width=\"900\" height=\"671\" src=\"https:\/\/edition-lumiere.de\/wp-content\/uploads\/2018\/03\/LM-3067_In-der-Provence_80x60_KD.jpg\" class=\"attachment-full size-full\" alt=\"\" loading=\"lazy\" srcset=\"https:\/\/edition-lumiere.de\/wp-content\/uploads\/2018\/03\/LM-3067_In-der-Provence_80x60_KD.jpg 900w, https:\/\/edition-lumiere.de\/wp-content\/uploads\/2018\/03\/LM-3067_In-der-Provence_80x60_KD-600x447.jpg 600w, https:\/\/edition-lumiere.de\/wp-content\/uploads\/2018\/03\/LM-3067_In-der-Provence_80x60_KD-300x224.jpg 300w, https:\/\/edition-lumiere.de\/wp-content\/uploads\/2018\/03\/LM-3067_In-der-Provence_80x60_KD-768x573.jpg 768w\" sizes=\"(max-width: 900px) 100vw, 900px\" \/>\n\t\t\t        <div class=\"title\">\n\t\t\t        \t<h4 class=\"uppercase mb0\">Shop<\/h4>\n\t\t\t        <\/div>\n\t\t\t    <\/a>\n\t\t\t<\/div>\n\t\t<\/div><\/div><\/div><div class=\"wpb_column vc_column_container col-md-6\"><div class=\"vc_column-inner\"><div class=\"wpb_wrapper\">\n\t\t\t<div class=\"image-tile inner-title title-center text-center\">\n\t\t\t    <a href=\"https:\/\/edition-lumiere.de\/en\/kuenstler\/\">\n\t\t\t         <img width=\"675\" height=\"510\" src=\"https:\/\/edition-lumiere.de\/wp-content\/uploads\/2024\/04\/Foto-Lutz-Muenzfeld-ausschnitt.jpg\" class=\"attachment-full size-full\" alt=\"\" loading=\"lazy\" srcset=\"https:\/\/edition-lumiere.de\/wp-content\/uploads\/2024\/04\/Foto-Lutz-Muenzfeld-ausschnitt.jpg 675w, https:\/\/edition-lumiere.de\/wp-content\/uploads\/2024\/04\/Foto-Lutz-Muenzfeld-ausschnitt-600x453.jpg 600w, https:\/\/edition-lumiere.de\/wp-content\/uploads\/2024\/04\/Foto-Lutz-Muenzfeld-ausschnitt-300x227.jpg 300w, https:\/\/edition-lumiere.de\/wp-content\/uploads\/2024\/04\/Foto-Lutz-Muenzfeld-ausschnitt-16x12.jpg 16w\" sizes=\"(max-width: 675px) 100vw, 675px\" \/>\n\t\t\t        <div class=\"title\">\n\t\t\t        \t<h4 class=\"uppercase mb0\">The Artist<\/h4>\n\t\t\t        <\/div>\n\t\t\t    <\/a>\n\t\t\t<\/div>\n\t\t<\/div><\/div><\/div><\/div><\/div><\/section><section class=\"light-wrapper pt64 pb64 vc_row wpb_row vc_row-fluid light-wrapper pt64 pb64 vc_custom_1493071340087\"><div class=\"container\"><div class=\"row\"><div class=\"wpb_column vc_column_container col-md-12\"><div class=\"vc_column-inner\"><div class=\"wpb_wrapper\">\n\t<div class=\"wpb_text_column wpb_content_element\" >\n\t\t<div class=\"wpb_wrapper\">\n\t\t\t<h6 class=\"uppercase mb0\" style=\"text-align: center;\">The most famous artworks<\/h6>\n\n\t\t<\/div>\n\t<\/div>\n<div class=\"woocommerce columns-4\"><div class=\"row masonry\">\n<div class=\"col-md-4 col-sm-4 masonry-item col-xs-12 post-1926 product type-product status-publish has-post-thumbnail hentry product_cat-kunstdruck\">\n    <div class=\"image-tile outer-title text-center\">\n    \t\n    \t        \n        <div class=\"title\">\n            <h5 class=\"mb0\">Village in the Brittany<\/h5>            <span class=\"display-block mb16\"><span class=\"woocommerce-Price-amount amount\"><bdi><span class=\"woocommerce-Price-currencySymbol\">\u20ac<\/span>49,00<\/bdi><\/span><\/span>\n                    <\/div>\n        \n    <\/div>\n<\/div>\n<div class=\"col-md-4 col-sm-4 masonry-item col-xs-12 post-1925 product type-product status-publish has-post-thumbnail hentry product_cat-kunstdruck\">\n    <div class=\"image-tile outer-title text-center\">\n    \t\n    \t        \n        <div class=\"title\">\n            <h5 class=\"mb0\">The house of roses<\/h5>            <span class=\"display-block mb16\"><span class=\"woocommerce-Price-amount amount\"><bdi><span class=\"woocommerce-Price-currencySymbol\">\u20ac<\/span>49,00<\/bdi><\/span><\/span>\n                    <\/div>\n        \n    <\/div>\n<\/div>\n<div class=\"col-md-4 col-sm-4 masonry-item col-xs-12 post-1893 product type-product status-publish has-post-thumbnail hentry product_cat-kunstdruck\">\n    <div class=\"image-tile outer-title text-center\">\n    \t\n    \t        \n        <div class=\"title\">\n            <h5 class=\"mb0\">Tree with lavender<\/h5>            <span class=\"display-block mb16\"><span class=\"woocommerce-Price-amount amount\"><bdi><span class=\"woocommerce-Price-currencySymbol\">\u20ac<\/span>49,00<\/bdi><\/span><\/span>\n                    <\/div>\n        \n    <\/div>\n<\/div>\n<div class=\"col-md-4 col-sm-4 masonry-item col-xs-12 post-1887 product type-product status-publish has-post-thumbnail hentry product_cat-kunstdruck\">\n    <div class=\"image-tile outer-title text-center\">\n    \t\n    \t        \n        <div class=\"title\">\n            <h5 class=\"mb0\">The lavender field<\/h5>            <span class=\"display-block mb16\"><span class=\"woocommerce-Price-amount amount\"><bdi><span class=\"woocommerce-Price-currencySymbol\">\u20ac<\/span>49,00<\/bdi><\/span><\/span>\n                    <\/div>\n        \n    <\/div>\n<\/div><\/div><\/div><div class=\"vc_row wpb_row vc_inner vc_row-fluid\"><div class=\"wpb_column vc_column_container col-md-6\"><div class=\"vc_column-inner\"><div class=\"wpb_wrapper\">\n\t\t\t<a href=\"https:\/\/edition-lumiere.de\/en\/shop\/\" target=\"\">\n\t\t\t<div class=\"pt96 pb96 text-center fade-reverse\">\n\t\t\t    <i class=\"ti-shopping-cart-full icon icon-sm mb8\"><\/i>\n\t\t\t    <h6 class=\"uppercase mb0\">Online-Shop<\/h6>\n\t\t    <\/div>\n\t\t    <\/a>\n\t\t<\/div><\/div><\/div><div class=\"wpb_column vc_column_container col-md-6\"><div class=\"vc_column-inner\"><div class=\"wpb_wrapper\">\n\t\t\t<a href=\"https:\/\/edition-lumiere.de\/en\/liefer-und-zahlungsbedingungen\/\" target=\"\">\n\t\t\t<div class=\"pt96 pb96 text-center fade-reverse\">\n\t\t\t    <i class=\"ti-package icon icon-sm mb8\"><\/i>\n\t\t\t    <h6 class=\"uppercase mb0\">Shipping Information<\/h6>\n\t\t    <\/div>\n\t\t    <\/a>\n\t\t<\/div><\/div><\/div><\/div><\/div><\/div><\/div><\/div><\/div><\/section>","protected":false},"excerpt":{"rendered":"EDITION LUMI\u00c8RE ZUM SHOP EDITION LUMI\u00c8RE ZUM SHOP EDITION LUMI\u00c8RE ZUM SHOP EDITION LUMI\u00c8RE ZUM SHOP EDITION LUMI\u00c8RE ZUM SHOP Edition...","protected":false},"author":1,"featured_media":0,"parent":0,"menu_order":0,"comment_status":"closed","ping_status":"closed","template":"","meta":[],"_links":{"self":[{"href":"https:\/\/edition-lumiere.de\/en\/wp-json\/wp\/v2\/pages\/1320"}],"collection":[{"href":"https:\/\/edition-lumiere.de\/en\/wp-json\/wp\/v2\/pages"}],"about":[{"href":"https:\/\/edition-lumiere.de\/en\/wp-json\/wp\/v2\/types\/page"}],"author":[{"embeddable":true,"href":"https:\/\/edition-lumiere.de\/en\/wp-json\/wp\/v2\/users\/1"}],"replies":[{"embeddable":true,"href":"https:\/\/edition-lumiere.de\/en\/wp-json\/wp\/v2\/comments?post=1320"}],"version-history":[{"count":12,"href":"https:\/\/edition-lumiere.de\/en\/wp-json\/wp\/v2\/pages\/1320\/revisions"}],"predecessor-version":[{"id":2170,"href":"https:\/\/edition-lumiere.de\/en\/wp-json\/wp\/v2\/pages\/1320\/revisions\/2170"}],"wp:attachment":[{"href":"https:\/\/edition-lumiere.de\/en\/wp-json\/wp\/v2\/media?parent=1320"}],"curies":[{"name":"wp","href":"https:\/\/api.w.org\/{rel}","templated":true}]}}